{"id":138,"date":"2025-05-11T18:37:08","date_gmt":"2025-05-11T16:37:08","guid":{"rendered":"https:\/\/zbib.bzh\/?page_id=138"},"modified":"2025-05-11T18:38:13","modified_gmt":"2025-05-11T16:38:13","slug":"prestations","status":"publish","type":"page","link":"https:\/\/zbib.bzh\/index.php\/prestations\/","title":{"rendered":"Prestations"},"content":{"rendered":"\n<h2 class=\"wp-block-heading\">Formation Excel<\/h2>\n\n\n\n<p>Aujourd&#8217;hui, nous utilisons de plus en plus de m\u00e9tier utilise Excel au quotidien, mais peu savent vraiment s&#8217;en servir. <\/p>\n\n\n\n<p>Souvent, nous utilisons des fichiers cr\u00e9es par d&#8217;anciens coll\u00e8gues, et nous ne savons plus comment les tenir \u00e0 jour ou corriger les erreurs qui peuvent appara\u00eetre au fil du temps. <\/p>\n\n\n\n<p>Si c&#8217;est votre cas, je vous propose d&#8217;accompagner vos \u00e9quipes \u00e0 augmenter leur productivit\u00e9 en se simplifiant la vie avec leur outil.<\/p>\n\n\n\n<h2 class=\"wp-block-heading\">Consultant en pilotage d&#8217;activit\u00e9s<\/h2>\n\n\n\n<p>L&#8217;analyse de donn\u00e9es est devenue aujourd&#8217;hui incontournable d\u00e8s qu&#8217;il s&#8217;agit de suivi d&#8217;activit\u00e9. En effet, entre tous les logiciels qui existent (comptabilit\u00e9, banque, logiciel m\u00e9tier&#8230;) nous sommes abreuv\u00e9s de donn\u00e9es en tout genre. <\/p>\n\n\n\n<p>Comment l&#8217;apprivoiser et l&#8217;utiliser \u00e0 bon escient ? Quels sont les indicateurs cl\u00e9s qui peuvent vous permettre mieux suivre votre tr\u00e9sorerie ?<\/p>\n\n\n\n<p>D\u00e9couvrons le ensemble. <\/p>\n\n\n\n<div class=\"wp-block-buttons is-layout-flex wp-block-buttons-is-layout-flex\">\n<div class=\"wp-block-button\"><a class=\"wp-block-button__link wp-element-button\" href=\"https:\/\/zbib.bzh\/index.php\/comment-me-contacter\/\">Contactez moi !<\/a><\/div>\n<\/div>\n\n\n\n<p><\/p>\n","protected":false},"excerpt":{"rendered":"<p>Formation Excel Aujourd&#8217;hui, nous utilisons de plus en plus de m\u00e9tier utilise Excel au quotidien, mais peu savent vraiment s&#8217;en servir. Souvent, nous utilisons des fichiers cr\u00e9es par d&#8217;anciens coll\u00e8gues, et nous ne savons plus comment les tenir \u00e0 jour ou corriger les erreurs qui peuvent appara\u00eetre au fil du temps. Si c&#8217;est votre cas, [&hellip;]<\/p>\n","protected":false},"author":1,"featured_media":0,"parent":0,"menu_order":0,"comment_status":"closed","ping_status":"closed","template":"","meta":{"content-type":"","footnotes":""},"class_list":["post-138","page","type-page","status-publish","hentry"],"_links":{"self":[{"href":"https:\/\/zbib.bzh\/index.php\/wp-json\/wp\/v2\/pages\/138","targetHints":{"allow":["GET"]}}],"collection":[{"href":"https:\/\/zbib.bzh\/index.php\/wp-json\/wp\/v2\/pages"}],"about":[{"href":"https:\/\/zbib.bzh\/index.php\/wp-json\/wp\/v2\/types\/page"}],"author":[{"embeddable":true,"href":"https:\/\/zbib.bzh\/index.php\/wp-json\/wp\/v2\/users\/1"}],"replies":[{"embeddable":true,"href":"https:\/\/zbib.bzh\/index.php\/wp-json\/wp\/v2\/comments?post=138"}],"version-history":[{"count":2,"href":"https:\/\/zbib.bzh\/index.php\/wp-json\/wp\/v2\/pages\/138\/revisions"}],"predecessor-version":[{"id":141,"href":"https:\/\/zbib.bzh\/index.php\/wp-json\/wp\/v2\/pages\/138\/revisions\/141"}],"wp:attachment":[{"href":"https:\/\/zbib.bzh\/index.php\/wp-json\/wp\/v2\/media?parent=138"}],"curies":[{"name":"wp","href":"https:\/\/api.w.org\/{rel}","templated":true}]}}