{"id":23,"date":"2025-05-11T11:38:15","date_gmt":"2025-05-11T09:38:15","guid":{"rendered":"https:\/\/zbib.bzh\/?page_id=23"},"modified":"2025-05-11T18:47:54","modified_gmt":"2025-05-11T16:47:54","slug":"excel-quests","status":"publish","type":"page","link":"https:\/\/zbib.bzh\/index.php\/excel-quests\/","title":{"rendered":"Excel Quests"},"content":{"rendered":"\n<p>Bient\u00f4t \u00e0 venir sur cette page la possibilit\u00e9 de vous tester sur Excel tout au long d\u00e9fis \u00e0 difficult\u00e9 croissante !<\/p>\n\n\n\n<figure class=\"wp-block-gallery has-nested-images columns-default is-cropped wp-block-gallery-1 is-layout-flex wp-block-gallery-is-layout-flex\">\n<figure class=\"wp-block-image size-full\"><img loading=\"lazy\" decoding=\"async\" width=\"730\" height=\"344\" data-id=\"146\" src=\"https:\/\/zbib.bzh\/wp-content\/uploads\/2025\/05\/En_construction_transparent.png\" alt=\"\" class=\"wp-image-146\" srcset=\"https:\/\/zbib.bzh\/wp-content\/uploads\/2025\/05\/En_construction_transparent.png 730w, https:\/\/zbib.bzh\/wp-content\/uploads\/2025\/05\/En_construction_transparent-300x141.png 300w\" sizes=\"auto, (max-width: 730px) 100vw, 730px\" \/><\/figure>\n<\/figure>\n","protected":false},"excerpt":{"rendered":"<p>Bient\u00f4t \u00e0 venir sur cette page la possibilit\u00e9 de vous tester sur Excel tout au long d\u00e9fis \u00e0 difficult\u00e9 croissante !<\/p>\n","protected":false},"author":1,"featured_media":0,"parent":0,"menu_order":0,"comment_status":"closed","ping_status":"closed","template":"","meta":{"content-type":"","footnotes":""},"class_list":["post-23","page","type-page","status-publish","hentry"],"_links":{"self":[{"href":"https:\/\/zbib.bzh\/index.php\/wp-json\/wp\/v2\/pages\/23","targetHints":{"allow":["GET"]}}],"collection":[{"href":"https:\/\/zbib.bzh\/index.php\/wp-json\/wp\/v2\/pages"}],"about":[{"href":"https:\/\/zbib.bzh\/index.php\/wp-json\/wp\/v2\/types\/page"}],"author":[{"embeddable":true,"href":"https:\/\/zbib.bzh\/index.php\/wp-json\/wp\/v2\/users\/1"}],"replies":[{"embeddable":true,"href":"https:\/\/zbib.bzh\/index.php\/wp-json\/wp\/v2\/comments?post=23"}],"version-history":[{"count":7,"href":"https:\/\/zbib.bzh\/index.php\/wp-json\/wp\/v2\/pages\/23\/revisions"}],"predecessor-version":[{"id":147,"href":"https:\/\/zbib.bzh\/index.php\/wp-json\/wp\/v2\/pages\/23\/revisions\/147"}],"wp:attachment":[{"href":"https:\/\/zbib.bzh\/index.php\/wp-json\/wp\/v2\/media?parent=23"}],"curies":[{"name":"wp","href":"https:\/\/api.w.org\/{rel}","templated":true}]}}